{"id":1053,"date":"2025-04-02T01:07:41","date_gmt":"2025-04-02T01:07:41","guid":{"rendered":"https:\/\/smartersplayer-lite.fr\/?page_id=1053"},"modified":"2025-04-14T16:14:45","modified_gmt":"2025-04-14T16:14:45","slug":"politique-de-confidentialite","status":"publish","type":"page","link":"https:\/\/smartersplayer-lite.fr\/player-lite\/politique-de-confidentialite\/","title":{"rendered":"Politique de confidentialit\u00e9"},"content":{"rendered":"\t\t<div data-elementor-type=\"wp-page\" data-elementor-id=\"1053\" class=\"elementor elementor-1053\" data-elementor-post-type=\"page\">\n\t\t\t\t<div class=\"elementor-element elementor-element-ea9c88e e-flex e-con-boxed wpr-particle-no wpr-jarallax-no wpr-parallax-no wpr-sticky-section-no wpr-equal-height-no e-con e-parent\" data-id=\"ea9c88e\" data-element_type=\"container\" data-e-type=\"container\">\n\t\t\t\t\t<div class=\"e-con-inner\">\n\t\t\t\t<div class=\"elementor-element elementor-element-54a2e1d elementor-widget elementor-widget-text-editor\" data-id=\"54a2e1d\" data-element_type=\"widget\" data-e-type=\"widget\" data-widget_type=\"text-editor.default\">\n\t\t\t\t<div class=\"elementor-widget-container\">\n\t\t\t\t\t\t\t\t\t<h1 data-pm-slice=\"1 1 []\"><strong>Politique de Cookies &#8211; IPTV Smarters Player Lite<\/strong><\/h1><p><em>Derni\u00e8re mise \u00e0 jour : 02-05-2025<\/em><\/p><p>Chez <strong>IPTV Smarters Player Lite<\/strong>, nous utilisons des cookies et des technologies similaires pour am\u00e9liorer votre exp\u00e9rience utilisateur et garantir le bon fonctionnement de notre service. Cette politique vise \u00e0 vous informer sur l\u2019utilisation des cookies et vos choix \u00e0 cet \u00e9gard.<\/p><div><hr \/><\/div><h3>1. Qu\u2019est-ce qu\u2019un cookie ?<\/h3><p>Un cookie est un petit fichier texte stock\u00e9 sur votre appareil (ordinateur, smartphone, tablette) lorsque vous visitez un site web ou utilisez une application. Il permet de conserver certaines informations pour faciliter votre navigation et personnaliser votre exp\u00e9rience.<\/p><h3>2. Types de cookies utilis\u00e9s<\/h3><p>Nous utilisons les types de cookies suivants :<\/p><ul data-spread=\"false\"><li><p><strong>Cookies essentiels<\/strong> : N\u00e9cessaires au bon fonctionnement de l\u2019application.<\/p><\/li><li><p><strong>Cookies de performance<\/strong> : Permettent d\u2019analyser l\u2019utilisation de l\u2019application pour am\u00e9liorer l\u2019exp\u00e9rience utilisateur.<\/p><\/li><li><p><strong>Cookies de fonctionnalit\u00e9<\/strong> : Facilitent l\u2019acc\u00e8s aux pr\u00e9f\u00e9rences et am\u00e9liorent l\u2019ergonomie.<\/p><\/li><li><p><strong>Cookies tiers<\/strong> : Certains services int\u00e9gr\u00e9s (ex. : outils d\u2019analyse) peuvent utiliser leurs propres cookies.<\/p><\/li><\/ul><h3>3. Gestion des cookies<\/h3><p>Vous pouvez g\u00e9rer ou d\u00e9sactiver les cookies \u00e0 tout moment via les param\u00e8tres de votre appareil ou de votre navigateur. Toutefois, la d\u00e9sactivation de certains cookies essentiels peut affecter le bon fonctionnement de l\u2019application.<\/p><h3>4. Protection des donn\u00e9es personnelles<\/h3><p>Les informations collect\u00e9es via les cookies sont trait\u00e9es conform\u00e9ment \u00e0 notre <strong>Politique de Confidentialit\u00e9<\/strong> et ne sont ni revendues ni partag\u00e9es avec des tiers non autoris\u00e9s.<\/p><h3>5. Modifications de la politique de cookies<\/h3><p>Nous nous r\u00e9servons le droit de modifier cette politique \u00e0 tout moment. Toute mise \u00e0 jour sera publi\u00e9e sur cette page et prendra effet imm\u00e9diatement.<\/p><h3>6. Contact<\/h3><p>Pour toute question concernant cette politique de cookies, veuillez nous \u00e9crire \u00e0 : <strong>support@smartersplayer-lite.fr<\/strong>.<\/p><div><hr \/><\/div><p>Merci d\u2019utiliser <strong>IPTV Smarters Player Lite<\/strong> !\u00a0<\/p>\t\t\t\t\t\t\t\t<\/div>\n\t\t\t\t<\/div>\n\t\t\t\t\t<\/div>\n\t\t\t\t<\/div>\n\t\t\t\t<\/div>\n\t\t","protected":false},"excerpt":{"rendered":"<p>Politique de Cookies &#8211; IPTV Smarters Player Lite Derni\u00e8re mise \u00e0 jour : 02-05-2025 Chez IPTV Smarters Player Lite, nous utilisons des cookies et des technologies similaires pour am\u00e9liorer votre exp\u00e9rience utilisateur et garantir le bon fonctionnement de notre service. Cette politique vise \u00e0 vous informer sur l\u2019utilisation des cookies et vos choix \u00e0 cet \u00e9gard. 1. Qu\u2019est-ce qu\u2019un cookie ? Un cookie est un petit fichier texte stock\u00e9 sur votre appareil (ordinateur, smartphone, tablette) lorsque vous visitez un site web ou utilisez une application. Il permet de conserver certaines informations pour faciliter votre navigation et personnaliser votre exp\u00e9rience. 2. Types de cookies utilis\u00e9s Nous utilisons les types de cookies suivants : Cookies essentiels : N\u00e9cessaires au bon fonctionnement de l\u2019application. Cookies de performance : Permettent d\u2019analyser l\u2019utilisation de l\u2019application pour am\u00e9liorer l\u2019exp\u00e9rience utilisateur. Cookies de fonctionnalit\u00e9 : Facilitent l\u2019acc\u00e8s aux pr\u00e9f\u00e9rences et am\u00e9liorent l\u2019ergonomie. Cookies tiers : Certains services int\u00e9gr\u00e9s (ex. : outils d\u2019analyse) peuvent utiliser leurs propres cookies. 3. Gestion des cookies Vous pouvez g\u00e9rer ou d\u00e9sactiver les cookies \u00e0 tout moment via les param\u00e8tres de votre appareil ou de votre navigateur. Toutefois, la d\u00e9sactivation de certains cookies essentiels peut affecter le bon fonctionnement de l\u2019application. 4. Protection des donn\u00e9es personnelles Les informations collect\u00e9es via les cookies sont trait\u00e9es conform\u00e9ment \u00e0 notre Politique de Confidentialit\u00e9 et ne sont ni revendues ni partag\u00e9es avec des tiers non autoris\u00e9s. 5. Modifications de la politique de cookies Nous nous r\u00e9servons le droit de modifier cette politique \u00e0 tout moment. Toute mise \u00e0 jour sera publi\u00e9e sur cette page et prendra effet imm\u00e9diatement. 6. Contact Pour toute question concernant cette politique de cookies, veuillez nous \u00e9crire \u00e0 : support@smartersplayer-lite.fr. Merci d\u2019utiliser IPTV Smarters Player Lite !\u00a0<\/p>\n","protected":false},"author":2,"featured_media":0,"parent":0,"menu_order":0,"comment_status":"closed","ping_status":"closed","template":"","meta":{"_acf_changed":false,"_monsterinsights_skip_tracking":false,"_monsterinsights_sitenote_active":false,"_monsterinsights_sitenote_note":"","_monsterinsights_sitenote_category":0,"site-sidebar-layout":"no-sidebar","site-content-layout":"","ast-site-content-layout":"full-width-container","site-content-style":"default","site-sidebar-style":"default","ast-global-header-display":"","ast-banner-title-visibility":"","ast-main-header-display":"","ast-hfb-above-header-display":"","ast-hfb-below-header-display":"","ast-hfb-mobile-header-display":"","site-post-title":"disabled","ast-breadcrumbs-content":"","ast-featured-img":"disabled","footer-sml-layout":"","ast-disable-related-posts":"","theme-transparent-header-meta":"","adv-header-id-meta":"","stick-header-meta":"","header-above-stick-meta":"","header-main-stick-meta":"","header-below-stick-meta":"","astra-migrate-meta-layouts":"default","ast-page-background-enabled":"default","ast-page-background-meta":{"desktop":{"background-color":"var(--ast-global-color-5)","background-image":"","background-repeat":"repeat","background-position":"center center","background-size":"auto","background-attachment":"scroll","background-type":"","background-media":"","overlay-type":"","overlay-color":"","overlay-opacity":"","overlay-gradient":""},"tablet":{"background-color":"","background-image":"","background-repeat":"repeat","background-position":"center center","background-size":"auto","background-attachment":"scroll","background-type":"","background-media":"","overlay-type":"","overlay-color":"","overlay-opacity":"","overlay-gradient":""},"mobile":{"background-color":"","background-image":"","background-repeat":"repeat","background-position":"center center","background-size":"auto","background-attachment":"scroll","background-type":"","background-media":"","overlay-type":"","overlay-color":"","overlay-opacity":"","overlay-gradient":""}},"ast-content-background-meta":{"desktop":{"background-color":"var(--ast-global-color-4)","background-image":"","background-repeat":"repeat","background-position":"center center","background-size":"auto","background-attachment":"scroll","background-type":"","background-media":"","overlay-type":"","overlay-color":"","overlay-opacity":"","overlay-gradient":""},"tablet":{"background-color":"var(--ast-global-color-4)","background-image":"","background-repeat":"repeat","background-position":"center center","background-size":"auto","background-attachment":"scroll","background-type":"","background-media":"","overlay-type":"","overlay-color":"","overlay-opacity":"","overlay-gradient":""},"mobile":{"background-color":"var(--ast-global-color-4)","background-image":"","background-repeat":"repeat","background-position":"center center","background-size":"auto","background-attachment":"scroll","background-type":"","background-media":"","overlay-type":"","overlay-color":"","overlay-opacity":"","overlay-gradient":""}},"footnotes":""},"class_list":["post-1053","page","type-page","status-publish","hentry"],"acf":[],"_links":{"self":[{"href":"https:\/\/smartersplayer-lite.fr\/player-lite\/wp-json\/wp\/v2\/pages\/1053","targetHints":{"allow":["GET"]}}],"collection":[{"href":"https:\/\/smartersplayer-lite.fr\/player-lite\/wp-json\/wp\/v2\/pages"}],"about":[{"href":"https:\/\/smartersplayer-lite.fr\/player-lite\/wp-json\/wp\/v2\/types\/page"}],"author":[{"embeddable":true,"href":"https:\/\/smartersplayer-lite.fr\/player-lite\/wp-json\/wp\/v2\/users\/2"}],"replies":[{"embeddable":true,"href":"https:\/\/smartersplayer-lite.fr\/player-lite\/wp-json\/wp\/v2\/comments?post=1053"}],"version-history":[{"count":0,"href":"https:\/\/smartersplayer-lite.fr\/player-lite\/wp-json\/wp\/v2\/pages\/1053\/revisions"}],"wp:attachment":[{"href":"https:\/\/smartersplayer-lite.fr\/player-lite\/wp-json\/wp\/v2\/media?parent=1053"}],"curies":[{"name":"wp","href":"https:\/\/api.w.org\/{rel}","templated":true}]}}